{"id":311,"date":"2022-02-17T19:35:17","date_gmt":"2022-02-17T18:35:17","guid":{"rendered":"https:\/\/www.theranks.at\/imprint\/"},"modified":"2026-03-12T09:48:34","modified_gmt":"2026-03-12T08:48:34","slug":"imprint","status":"publish","type":"page","link":"https:\/\/www.theranks.at\/en\/imprint\/","title":{"rendered":"Imprint"},"content":{"rendered":"<div class=\"fusion-fullwidth fullwidth-box fusion-builder-row-1 fusion-flex-container nonhundred-percent-fullwidth non-hundred-percent-height-scrolling\" style=\"--awb-border-radius-top-left:0px;--awb-border-radius-top-right:0px;--awb-border-radius-bottom-right:0px;--awb-border-radius-bottom-left:0px;--awb-flex-wrap:wrap;\" ><div class=\"fusion-builder-row fusion-row fusion-flex-align-items-flex-start fusion-flex-content-wrap\" style=\"max-width:1248px;margin-left: calc(-4% \/ 2 );margin-right: calc(-4% \/ 2 );\"><div class=\"fusion-layout-column fusion_builder_column fusion-builder-column-0 fusion_builder_column_1_1 1_1 fusion-flex-column\" style=\"--awb-bg-size:cover;--awb-width-large:100%;--awb-margin-top-large:0px;--awb-spacing-right-large:1.92%;--awb-margin-bottom-large:20px;--awb-spacing-left-large:1.92%;--awb-width-medium:100%;--awb-order-medium:0;--awb-spacing-right-medium:1.92%;--awb-spacing-left-medium:1.92%;--awb-width-small:100%;--awb-order-small:0;--awb-spacing-right-small:1.92%;--awb-spacing-left-small:1.92%;\"><div class=\"fusion-column-wrapper fusion-column-has-shadow fusion-flex-justify-content-flex-start fusion-content-layout-column\"><div class=\"fusion-text fusion-text-1\" style=\"--awb-text-transform:none;\"><h1>Imprint<\/h1>\n<\/div><div class=\"fusion-text fusion-text-2\" style=\"--awb-text-transform:none;\"><h2>The Ranks GmbH<\/h2>\n<p>Ferchergasse 19, A-1170 Vienna<\/p>\n<p>FN 200.843 h. FG Vienna<\/p>\n<p>UID: ATU60864602<\/p>\n<p>Tel &amp; Whats App +43 1 48 44 522<\/p>\n<p><a href=\"mailto:mail@rank.at\">mail@rank.at<\/a><\/p>\n<p>Authority acc. ECG: Municipal District Office of the 17th District<\/p>\n<p><a title=\"Duty to inform according to \u00a7 5 para. 1 E-Commerce Act\" href=\"https:\/\/www.wkoecg.at\/Web\/Ecg.aspx?FirmaID=55f39fd4-66eb-4598-96bc-fd324f7a5f1a\" target=\"_blank\" rel=\"noopener\">Duty to inform according to \u00a7 5 para. 1 E-Commerce Act<\/a><br \/>\n<!--\n\n\n\n\n<h3>Google Analytics<\/h3>\n\n\n\n\nDiese Website benutzt Google Analytics, einen Webanalysedienst der Google Inc. (\u201eGoogle\u201c). Google Analytics verwendet sog. \u201eCookies\u201c, Textdateien, die auf Ihrem Computer gespeichert werden und die eine Analyse der Benutzung der Website durch Sie erm\u00f6glichen. Die durch das Cookie erzeugten Informationen \u00fcber Ihre Benutzung dieser Website werden in der Regel an einen Server von Google in den USA \u00fcbertragen und dort gespeichert. Im Falle der Aktivierung der IP-Anonymisierung auf dieser Website, wird Ihre IP-Adresse von Google jedoch innerhalb von Mitgliedstaaten der Europ\u00e4ischen Union oder in anderen Vertragsstaaten des Abkommens \u00fcber den Europ\u00e4ischen Wirtschaftsraum zuvor gek\u00fcrzt. Nur in Ausnahmef\u00e4llen wird die volle IP-Adresse an einen Server von Google in den USA \u00fcbertragen und dort gek\u00fcrzt. Im Auftrag des Betreibers dieser Website wird Google diese Informationen benutzen, um Ihre Nutzung der Website auszuwerten, um Reports \u00fcber die Websiteaktivit\u00e4ten zusammenzustellen und um weitere mit der Websitenutzung und der Internetnutzung verbundene Dienstleistungen gegen\u00fcber dem Websitebetreiber zu erbringen. Die im Rahmen von Google Analytics von Ihrem Browser \u00fcbermittelte IP-Adresse wird nicht mit anderen Daten von Google zusammengef\u00fchrt. Sie k\u00f6nnen die Speicherung der Cookies durch eine entsprechende Einstellung Ihrer Browser-Software verhindern; wir weisen Sie jedoch darauf hin, dass Sie in diesem Fall gegebenenfalls nicht s\u00e4mtliche Funktionen dieser Website vollumf\u00e4nglich werden nutzen k\u00f6nnen. Sie k\u00f6nnen dar\u00fcber hinaus die Erfassung der durch das Cookie erzeugten und auf Ihre Nutzung der Website bezogenen Daten (inkl. Ihrer IP-Adresse) an Google sowie die Verarbeitung dieser Daten durch Google verhindern, indem Sie das unter dem folgenden Link <a title=\"Google Analytics Opt Out\" href=\"https:\/\/tools.google.com\/dlpage\/gaoptout?hl=de\" target=\"_blank\" rel=\"noopener\">https:\/\/tools.google.com\/dlpage\/gaoptout?hl=de<\/a> verf\u00fcgbare Browser-Plugin herunterladen und installieren.\n\nN\u00e4here Informationen zu Nutzungsbedingungen und Datenschutz finden Sie unter <a title=\"Nutzungsbedingungen Google Analytics\" href=\"http:\/\/www.google.com\/analytics\/terms\/de.html\" target=\"_blank\" rel=\"noopener\">http:\/\/www.google.com\/analytics\/terms\/de.html<\/a> bzw. unter <a title=\"Datenschutz Google Analytics\" href=\"https:\/\/www.google.de\/intl\/de\/policies\/\" target=\"_blank\" rel=\"noopener\">https:\/\/www.google.de\/intl\/de\/policies\/<\/a>. Wir weisen Sie darauf hin, dass auf dieser Website Google Analytics um den Code \u201egat._anonymizeIp();\u201c erweitert wurde, um eine anonymisierte Erfassung von IP-Adressen (sog. IP-Masking) zu gew\u00e4hrleisten.\n\nQuelle: <a title=\"Datenschutzbeauftragter\" href=\"https:\/\/www.datenschutzbeauftragter-info.de\/\" target=\"_blank\" rel=\"noopener\">www.datenschutzbeauftragter-info.de<\/a>  --><\/p>\n<p>If you have any concerns or complaints, please use the following e-mail address: <a href=\"mailto:mail@rank.at\">mail@rank.at<\/a><\/p>\n<p><strong>Disclaimer<\/strong><\/p>\n<p><span style=\"font-weight: 400;\">We assume no liability for the content of external links. The operators of the linked pages are solely responsible for their content. All content on this website has been carefully checked, but we cannot guarantee that it is correct and up-to-date. All texts and images are subject to copyright.<\/span><\/p>\n<p><span style=\"font-weight: 400;\">Certifications<\/span><\/p>\n<p><span style=\"font-weight: 400;\">Our apartments are certified with the Austrian Ecolabel and EU Ecolabel to make sustainable tourism a tangible experience for you.<\/span><\/p>\n<\/div><\/div><\/div><\/div><\/div>\n","protected":false},"excerpt":{"rendered":"","protected":false},"author":1,"featured_media":1085,"parent":0,"menu_order":0,"comment_status":"closed","ping_status":"closed","template":"","meta":{"footnotes":""},"class_list":["post-311","page","type-page","status-publish","has-post-thumbnail","hentry"],"yoast_head":"<!-- This site is optimized with the Yoast SEO plugin v27.3 - https:\/\/yoast.com\/product\/yoast-seo-wordpress\/ -->\n<title>The Ranks Imprint | The Ranks<\/title>\n<meta name=\"description\" content=\"The official imprint of The Ranks with all legally required company data, contact details and legal information.\" \/>\n<meta name=\"robots\" content=\"index, follow, max-snippet:-1, max-image-preview:large, max-video-preview:-1\" \/>\n<link rel=\"canonical\" href=\"https:\/\/www.theranks.at\/en\/imprint\/\" \/>\n<meta property=\"og:locale\" content=\"en_US\" \/>\n<meta property=\"og:type\" content=\"article\" \/>\n<meta property=\"og:title\" content=\"The Ranks Imprint | The Ranks\" \/>\n<meta property=\"og:description\" content=\"The official imprint of The Ranks with all legally required company data, contact details and legal information.\" \/>\n<meta property=\"og:url\" content=\"https:\/\/www.theranks.at\/en\/imprint\/\" \/>\n<meta property=\"og:site_name\" content=\"Apartments Wien und Zypern &amp; Consulting\" \/>\n<meta property=\"article:modified_time\" content=\"2026-03-12T08:48:34+00:00\" \/>\n<meta property=\"og:image\" content=\"https:\/\/www.theranks.at\/wp-content\/uploads\/2026\/03\/R6A1445a-scaled.jpg\" \/>\n\t<meta property=\"og:image:width\" content=\"2560\" \/>\n\t<meta property=\"og:image:height\" content=\"1707\" \/>\n\t<meta property=\"og:image:type\" content=\"image\/jpeg\" \/>\n<meta name=\"twitter:card\" content=\"summary_large_image\" \/>\n<meta name=\"twitter:label1\" content=\"Est. reading time\" \/>\n\t<meta name=\"twitter:data1\" content=\"4 minutes\" \/>\n<script type=\"application\/ld+json\" class=\"yoast-schema-graph\">{\"@context\":\"https:\\\/\\\/schema.org\",\"@graph\":[{\"@type\":\"WebPage\",\"@id\":\"https:\\\/\\\/www.theranks.at\\\/en\\\/imprint\\\/\",\"url\":\"https:\\\/\\\/www.theranks.at\\\/en\\\/imprint\\\/\",\"name\":\"The Ranks Imprint | The Ranks\",\"isPartOf\":{\"@id\":\"https:\\\/\\\/www.theranks.at\\\/en\\\/#website\"},\"primaryImageOfPage\":{\"@id\":\"https:\\\/\\\/www.theranks.at\\\/en\\\/imprint\\\/#primaryimage\"},\"image\":{\"@id\":\"https:\\\/\\\/www.theranks.at\\\/en\\\/imprint\\\/#primaryimage\"},\"thumbnailUrl\":\"https:\\\/\\\/www.theranks.at\\\/wp-content\\\/uploads\\\/2026\\\/03\\\/R6A1445a-scaled.jpg\",\"datePublished\":\"2022-02-17T18:35:17+00:00\",\"dateModified\":\"2026-03-12T08:48:34+00:00\",\"description\":\"The official imprint of The Ranks with all legally required company data, contact details and legal information.\",\"breadcrumb\":{\"@id\":\"https:\\\/\\\/www.theranks.at\\\/en\\\/imprint\\\/#breadcrumb\"},\"inLanguage\":\"en-US\",\"potentialAction\":[{\"@type\":\"ReadAction\",\"target\":[\"https:\\\/\\\/www.theranks.at\\\/en\\\/imprint\\\/\"]}]},{\"@type\":\"ImageObject\",\"inLanguage\":\"en-US\",\"@id\":\"https:\\\/\\\/www.theranks.at\\\/en\\\/imprint\\\/#primaryimage\",\"url\":\"https:\\\/\\\/www.theranks.at\\\/wp-content\\\/uploads\\\/2026\\\/03\\\/R6A1445a-scaled.jpg\",\"contentUrl\":\"https:\\\/\\\/www.theranks.at\\\/wp-content\\\/uploads\\\/2026\\\/03\\\/R6A1445a-scaled.jpg\",\"width\":2560,\"height\":1707,\"caption\":\"Stephanie &amp; Christian Rank\"},{\"@type\":\"BreadcrumbList\",\"@id\":\"https:\\\/\\\/www.theranks.at\\\/en\\\/imprint\\\/#breadcrumb\",\"itemListElement\":[{\"@type\":\"ListItem\",\"position\":1,\"name\":\"Home\",\"item\":\"https:\\\/\\\/www.theranks.at\\\/en\\\/startpage\\\/\"},{\"@type\":\"ListItem\",\"position\":2,\"name\":\"Imprint\"}]},{\"@type\":\"WebSite\",\"@id\":\"https:\\\/\\\/www.theranks.at\\\/en\\\/#website\",\"url\":\"https:\\\/\\\/www.theranks.at\\\/en\\\/\",\"name\":\"Apartments Wien und Zypern &amp; Consulting\",\"description\":\"The Ranks Apartments | Appartements Ferchergasse\",\"potentialAction\":[{\"@type\":\"SearchAction\",\"target\":{\"@type\":\"EntryPoint\",\"urlTemplate\":\"https:\\\/\\\/www.theranks.at\\\/en\\\/?s={search_term_string}\"},\"query-input\":{\"@type\":\"PropertyValueSpecification\",\"valueRequired\":true,\"valueName\":\"search_term_string\"}}],\"inLanguage\":\"en-US\"}]}<\/script>\n<!-- \/ Yoast SEO plugin. -->","yoast_head_json":{"title":"The Ranks Imprint | The Ranks","description":"The official imprint of The Ranks with all legally required company data, contact details and legal information.","robots":{"index":"index","follow":"follow","max-snippet":"max-snippet:-1","max-image-preview":"max-image-preview:large","max-video-preview":"max-video-preview:-1"},"canonical":"https:\/\/www.theranks.at\/en\/imprint\/","og_locale":"en_US","og_type":"article","og_title":"The Ranks Imprint | The Ranks","og_description":"The official imprint of The Ranks with all legally required company data, contact details and legal information.","og_url":"https:\/\/www.theranks.at\/en\/imprint\/","og_site_name":"Apartments Wien und Zypern &amp; Consulting","article_modified_time":"2026-03-12T08:48:34+00:00","og_image":[{"width":2560,"height":1707,"url":"https:\/\/www.theranks.at\/wp-content\/uploads\/2026\/03\/R6A1445a-scaled.jpg","type":"image\/jpeg"}],"twitter_card":"summary_large_image","twitter_misc":{"Est. reading time":"4 minutes"},"schema":{"@context":"https:\/\/schema.org","@graph":[{"@type":"WebPage","@id":"https:\/\/www.theranks.at\/en\/imprint\/","url":"https:\/\/www.theranks.at\/en\/imprint\/","name":"The Ranks Imprint | The Ranks","isPartOf":{"@id":"https:\/\/www.theranks.at\/en\/#website"},"primaryImageOfPage":{"@id":"https:\/\/www.theranks.at\/en\/imprint\/#primaryimage"},"image":{"@id":"https:\/\/www.theranks.at\/en\/imprint\/#primaryimage"},"thumbnailUrl":"https:\/\/www.theranks.at\/wp-content\/uploads\/2026\/03\/R6A1445a-scaled.jpg","datePublished":"2022-02-17T18:35:17+00:00","dateModified":"2026-03-12T08:48:34+00:00","description":"The official imprint of The Ranks with all legally required company data, contact details and legal information.","breadcrumb":{"@id":"https:\/\/www.theranks.at\/en\/imprint\/#breadcrumb"},"inLanguage":"en-US","potentialAction":[{"@type":"ReadAction","target":["https:\/\/www.theranks.at\/en\/imprint\/"]}]},{"@type":"ImageObject","inLanguage":"en-US","@id":"https:\/\/www.theranks.at\/en\/imprint\/#primaryimage","url":"https:\/\/www.theranks.at\/wp-content\/uploads\/2026\/03\/R6A1445a-scaled.jpg","contentUrl":"https:\/\/www.theranks.at\/wp-content\/uploads\/2026\/03\/R6A1445a-scaled.jpg","width":2560,"height":1707,"caption":"Stephanie &amp; Christian Rank"},{"@type":"BreadcrumbList","@id":"https:\/\/www.theranks.at\/en\/imprint\/#breadcrumb","itemListElement":[{"@type":"ListItem","position":1,"name":"Home","item":"https:\/\/www.theranks.at\/en\/startpage\/"},{"@type":"ListItem","position":2,"name":"Imprint"}]},{"@type":"WebSite","@id":"https:\/\/www.theranks.at\/en\/#website","url":"https:\/\/www.theranks.at\/en\/","name":"Apartments Wien und Zypern &amp; Consulting","description":"The Ranks Apartments | Appartements Ferchergasse","potentialAction":[{"@type":"SearchAction","target":{"@type":"EntryPoint","urlTemplate":"https:\/\/www.theranks.at\/en\/?s={search_term_string}"},"query-input":{"@type":"PropertyValueSpecification","valueRequired":true,"valueName":"search_term_string"}}],"inLanguage":"en-US"}]}},"_links":{"self":[{"href":"https:\/\/www.theranks.at\/en\/wp-json\/wp\/v2\/pages\/311","targetHints":{"allow":["GET"]}}],"collection":[{"href":"https:\/\/www.theranks.at\/en\/wp-json\/wp\/v2\/pages"}],"about":[{"href":"https:\/\/www.theranks.at\/en\/wp-json\/wp\/v2\/types\/page"}],"author":[{"embeddable":true,"href":"https:\/\/www.theranks.at\/en\/wp-json\/wp\/v2\/users\/1"}],"replies":[{"embeddable":true,"href":"https:\/\/www.theranks.at\/en\/wp-json\/wp\/v2\/comments?post=311"}],"version-history":[{"count":16,"href":"https:\/\/www.theranks.at\/en\/wp-json\/wp\/v2\/pages\/311\/revisions"}],"predecessor-version":[{"id":1251,"href":"https:\/\/www.theranks.at\/en\/wp-json\/wp\/v2\/pages\/311\/revisions\/1251"}],"wp:featuredmedia":[{"embeddable":true,"href":"https:\/\/www.theranks.at\/en\/wp-json\/wp\/v2\/media\/1085"}],"wp:attachment":[{"href":"https:\/\/www.theranks.at\/en\/wp-json\/wp\/v2\/media?parent=311"}],"curies":[{"name":"wp","href":"https:\/\/api.w.org\/{rel}","templated":true}]}}