{"id":564,"date":"2024-11-03T16:53:25","date_gmt":"2024-11-03T15:53:25","guid":{"rendered":"https:\/\/www.theranks.at\/linohm-dissemination-event\/"},"modified":"2025-01-18T13:06:43","modified_gmt":"2025-01-18T12:06:43","slug":"linohm-dissemination-event","status":"publish","type":"page","link":"https:\/\/www.theranks.at\/en\/linohm-dissemination-event\/","title":{"rendered":"LINOHM dissemination event"},"content":{"rendered":"<div class=\"fusion-fullwidth fullwidth-box fusion-builder-row-1 fusion-flex-container has-pattern-background has-mask-background nonhundred-percent-fullwidth non-hundred-percent-height-scrolling\" style=\"--awb-border-radius-top-left:0px;--awb-border-radius-top-right:0px;--awb-border-radius-bottom-right:0px;--awb-border-radius-bottom-left:0px;--awb-flex-wrap:wrap;\" ><div class=\"fusion-builder-row fusion-row fusion-flex-align-items-flex-start fusion-flex-content-wrap\" style=\"max-width:1248px;margin-left: calc(-4% \/ 2 );margin-right: calc(-4% \/ 2 );\"><div class=\"fusion-layout-column fusion_builder_column fusion-builder-column-0 fusion_builder_column_1_1 1_1 fusion-flex-column\" style=\"--awb-bg-size:cover;--awb-width-large:100%;--awb-margin-top-large:0px;--awb-spacing-right-large:1.92%;--awb-margin-bottom-large:20px;--awb-spacing-left-large:1.92%;--awb-width-medium:100%;--awb-order-medium:0;--awb-spacing-right-medium:1.92%;--awb-spacing-left-medium:1.92%;--awb-width-small:100%;--awb-order-small:0;--awb-spacing-right-small:1.92%;--awb-spacing-left-small:1.92%;\"><div class=\"fusion-column-wrapper fusion-column-has-shadow fusion-flex-justify-content-flex-start fusion-content-layout-column\"><div class=\"fusion-text fusion-text-1\"><h1>LINOHM &#8211; Project dissemination events<\/h1>\n<\/div><div class=\"fusion-text fusion-text-2\"><p>Our Erasmus+ project LINOHM &#8211; Learn inclusion &#8211; New Opportunities for Hotel Management will officially come to an end at the end of February 2025. We are planning two final events, one in Germany and one in Austria.<\/p>\n<p>You can find out more about the project on the <strong><a href=\"https:\/\/erasmus-plus.ec.europa.eu\/projects\/search\/details\/2023-1-AT01-KA210-VET-000151090\" target=\"_blank\" rel=\"noopener\">official project page<\/a><\/strong> on the Erasmus+ page of the European Commission.<\/p>\n<\/div><\/div><\/div><div class=\"fusion-layout-column fusion_builder_column fusion-builder-column-1 fusion_builder_column_1_2 1_2 fusion-flex-column\" style=\"--awb-bg-size:cover;--awb-width-large:50%;--awb-margin-top-large:0px;--awb-spacing-right-large:3.84%;--awb-margin-bottom-large:20px;--awb-spacing-left-large:3.84%;--awb-width-medium:50%;--awb-order-medium:0;--awb-spacing-right-medium:3.84%;--awb-spacing-left-medium:3.84%;--awb-width-small:100%;--awb-order-small:0;--awb-spacing-right-small:1.92%;--awb-spacing-left-small:1.92%;\"><div class=\"fusion-column-wrapper fusion-column-has-shadow fusion-flex-justify-content-flex-start fusion-content-layout-column\"><div class=\"fusion-text fusion-text-3\"><h2>Event in Germany<\/h2>\n<\/div><div class=\"fusion-text fusion-text-4\"><p>Date: 14.02.2025<\/p>\n<p>Location: Cafe Tarte<\/p>\n<p>Address: L\u00fcbecker Stra\u00dfe 10, 24306 Pl\u00f6n<\/p>\n<p>Website: <a href=\"https:\/\/tarte-ploen.de\/\" target=\"_blank\" rel=\"noopener\">www.tarte-ploen.de<\/a><\/p>\n<p>Time: 13h<\/p>\n<p><a class=\"ButtonEins\" href=\"https:\/\/docs.google.com\/forms\/d\/e\/1FAIpQLSfu1lAEQ0B3NwHCa65LIm82MBGLAwQSVj_OdnkbaZ_f76DvGg\/viewform\" target=\"_blank\" rel=\"noopener\">Registration<\/a><\/p>\n<\/div><\/div><\/div><div class=\"fusion-layout-column fusion_builder_column fusion-builder-column-2 fusion_builder_column_1_2 1_2 fusion-flex-column\" style=\"--awb-bg-size:cover;--awb-width-large:50%;--awb-margin-top-large:0px;--awb-spacing-right-large:3.84%;--awb-margin-bottom-large:20px;--awb-spacing-left-large:3.84%;--awb-width-medium:50%;--awb-order-medium:0;--awb-spacing-right-medium:3.84%;--awb-spacing-left-medium:3.84%;--awb-width-small:100%;--awb-order-small:0;--awb-spacing-right-small:1.92%;--awb-spacing-left-small:1.92%;\"><div class=\"fusion-column-wrapper fusion-column-has-shadow fusion-flex-justify-content-flex-start fusion-content-layout-column\"><div class=\"fusion-text fusion-text-5\"><h2>Event in Austria<\/h2>\n<\/div><div class=\"fusion-text fusion-text-6\"><p>Date: 21.02.2025<\/p>\n<p>Location: magdas HOTEL Vienna City<\/p>\n<p>Address: Ungargasse 38, 1030 Vienna<\/p>\n<p>Website: <a href=\"https:\/\/magdas-hotel.at\/de\/vienna-city\" target=\"_blank\" rel=\"noopener\">www.magdas-hotel.at<\/a><\/p>\n<p>Time: 17h<\/p>\n<p><a class=\"ButtonEins\" href=\"https:\/\/docs.google.com\/forms\/d\/e\/1FAIpQLSfu1lAEQ0B3NwHCa65LIm82MBGLAwQSVj_OdnkbaZ_f76DvGg\/viewform\" target=\"_blank\" rel=\"noopener\">Registration<\/a><\/p>\n<\/div><\/div><\/div><div class=\"fusion-layout-column fusion_builder_column fusion-builder-column-3 fusion_builder_column_1_1 1_1 fusion-flex-column\" style=\"--awb-bg-size:cover;--awb-width-large:100%;--awb-margin-top-large:0px;--awb-spacing-right-large:1.92%;--awb-margin-bottom-large:20px;--awb-spacing-left-large:1.92%;--awb-width-medium:100%;--awb-order-medium:0;--awb-spacing-right-medium:1.92%;--awb-spacing-left-medium:1.92%;--awb-width-small:100%;--awb-order-small:0;--awb-spacing-right-small:1.92%;--awb-spacing-left-small:1.92%;\"><div class=\"fusion-column-wrapper fusion-column-has-shadow fusion-flex-justify-content-flex-start fusion-content-layout-column\"><div class=\"fusion-text fusion-text-7\"><h2>Sustainability<\/h2>\n<p>Sustainability and the environmentally friendly design of our closing events are essential to us.<\/p>\n<p>In <strong>Vienna<\/strong>, we have been officially awarded the title <a href=\"https:\/\/www.oekoevent.at\/\"><strong>\u00d6koEvent of the City of Vienna<\/strong><\/a> award.<\/p>\n<p><img decoding=\"async\" class=\"lazyload size-full wp-image-599 alignleft\" src=\"data:image\/svg+xml,%3Csvg%20xmlns%3D%27http%3A%2F%2Fwww.w3.org%2F2000%2Fsvg%27%20width%3D%27180%27%20height%3D%27134%27%20viewBox%3D%270%200%20180%20134%27%3E%3Crect%20width%3D%27180%27%20height%3D%27134%27%20fill-opacity%3D%220%22%2F%3E%3C%2Fsvg%3E\" data-orig-src=\"https:\/\/www.theranks.at\/wp-content\/uploads\/2025\/01\/200929_OekoEvent_D_PKZ_Kernmarke.jpg\" alt=\"\" width=\"180\" height=\"134\" \/><\/p>\n<p>This means that we focus on environmentally friendly measures such as good accessibility by public transport, reusable materials, and avoiding waste. With this approach, we want to set an example for sustainable events and at the same time inspire others.<\/p>\n<p>The <strong>event in Pl\u00f6n<\/strong> is also all about sustainability and regionality: all dishes are prepared exclusively with regional organic products and are vegan or vegetarian. Drinks are organically grown, and our coffee and tea are fair trade. We also pay attention to sustainability regarding service &#8211; we only use reusable crockery. The event is also easily accessible by public transport to make the journey environmentally friendly.<\/p>\n<p>Together, we are setting an example for sustainable events!<\/p>\n<\/div><div class=\"fusion-text fusion-text-8\"><p><img decoding=\"async\" class=\"lazyload size-medium wp-image-335 alignright\" src=\"https:\/\/www.theranks.at\/wp-content\/uploads\/2023\/11\/DE_Co-fundedbytheEU_RGB_POS-300x66.png\" data-orig-src=\"https:\/\/www.theranks.at\/wp-content\/uploads\/2023\/11\/DE_Co-fundedbytheEU_RGB_POS-300x66.png\" alt=\"Co-financed by the European Union\" width=\"300\" height=\"66\" srcset=\"data:image\/svg+xml,%3Csvg%20xmlns%3D%27http%3A%2F%2Fwww.w3.org%2F2000%2Fsvg%27%20width%3D%27300%27%20height%3D%2766%27%20viewBox%3D%270%200%20300%2066%27%3E%3Crect%20width%3D%27300%27%20height%3D%2766%27%20fill-opacity%3D%220%22%2F%3E%3C%2Fsvg%3E\" data-srcset=\"https:\/\/www.theranks.at\/wp-content\/uploads\/2023\/11\/DE_Co-fundedbytheEU_RGB_POS-200x44.png 200w, https:\/\/www.theranks.at\/wp-content\/uploads\/2023\/11\/DE_Co-fundedbytheEU_RGB_POS-300x66.png 300w, https:\/\/www.theranks.at\/wp-content\/uploads\/2023\/11\/DE_Co-fundedbytheEU_RGB_POS-400x88.png 400w, https:\/\/www.theranks.at\/wp-content\/uploads\/2023\/11\/DE_Co-fundedbytheEU_RGB_POS-600x132.png 600w, https:\/\/www.theranks.at\/wp-content\/uploads\/2023\/11\/DE_Co-fundedbytheEU_RGB_POS-768x169.png 768w, https:\/\/www.theranks.at\/wp-content\/uploads\/2023\/11\/DE_Co-fundedbytheEU_RGB_POS-800x176.png 800w, https:\/\/www.theranks.at\/wp-content\/uploads\/2023\/11\/DE_Co-fundedbytheEU_RGB_POS-1024x225.png 1024w, https:\/\/www.theranks.at\/wp-content\/uploads\/2023\/11\/DE_Co-fundedbytheEU_RGB_POS-1200x264.png 1200w, https:\/\/www.theranks.at\/wp-content\/uploads\/2023\/11\/DE_Co-fundedbytheEU_RGB_POS-1536x337.png 1536w\" data-sizes=\"auto\" data-orig-sizes=\"(max-width: 300px) 100vw, 300px\" \/>Funded by the European Union. Views and opinions expressed are, however, those of the author(s) only and do not necessarily reflect those of the European Union or OeAD-GmbH. Neither the European Union nor the granting authority can be held responsible for them.<\/p>\n<\/div><\/div><\/div><\/div><\/div>\n","protected":false},"excerpt":{"rendered":"","protected":false},"author":3,"featured_media":273,"parent":0,"menu_order":0,"comment_status":"closed","ping_status":"closed","template":"","meta":{"footnotes":""},"class_list":["post-564","page","type-page","status-publish","has-post-thumbnail","hentry"],"yoast_head":"<!-- This site is optimized with the Yoast SEO plugin v27.3 - https:\/\/yoast.com\/product\/yoast-seo-wordpress\/ -->\n<title>Erasmus+ Project - LINOHM dissemination event - The Ranks GmbH<\/title>\n<meta name=\"description\" content=\"Final events for the Erasmus+ project LINOHM - Learn inclusion - new opportunities for hotel management.\" \/>\n<meta name=\"robots\" content=\"index, follow, max-snippet:-1, max-image-preview:large, max-video-preview:-1\" \/>\n<link rel=\"canonical\" href=\"https:\/\/www.theranks.at\/en\/linohm-dissemination-event\/\" \/>\n<meta property=\"og:locale\" content=\"en_US\" \/>\n<meta property=\"og:type\" content=\"article\" \/>\n<meta property=\"og:title\" content=\"Erasmus+ Project - LINOHM dissemination event - The Ranks GmbH\" \/>\n<meta property=\"og:description\" content=\"Final events for the Erasmus+ project LINOHM - Learn inclusion - new opportunities for hotel management.\" \/>\n<meta property=\"og:url\" content=\"https:\/\/www.theranks.at\/en\/linohm-dissemination-event\/\" \/>\n<meta property=\"og:site_name\" content=\"Apartments Wien und Zypern &amp; Consulting\" \/>\n<meta property=\"article:modified_time\" content=\"2025-01-18T12:06:43+00:00\" \/>\n<meta property=\"og:image\" content=\"https:\/\/www.theranks.at\/wp-content\/uploads\/2022\/12\/TheRanks-fb-profilbild.png\" \/>\n\t<meta property=\"og:image:width\" content=\"360\" \/>\n\t<meta property=\"og:image:height\" content=\"360\" \/>\n\t<meta property=\"og:image:type\" content=\"image\/png\" \/>\n<meta name=\"twitter:card\" content=\"summary_large_image\" \/>\n<meta name=\"twitter:label1\" content=\"Est. reading time\" \/>\n\t<meta name=\"twitter:data1\" content=\"3 minutes\" \/>\n<script type=\"application\/ld+json\" class=\"yoast-schema-graph\">{\"@context\":\"https:\\\/\\\/schema.org\",\"@graph\":[{\"@type\":\"WebPage\",\"@id\":\"https:\\\/\\\/www.theranks.at\\\/en\\\/linohm-dissemination-event\\\/\",\"url\":\"https:\\\/\\\/www.theranks.at\\\/en\\\/linohm-dissemination-event\\\/\",\"name\":\"Erasmus+ Project - LINOHM dissemination event - The Ranks GmbH\",\"isPartOf\":{\"@id\":\"https:\\\/\\\/www.theranks.at\\\/en\\\/#website\"},\"primaryImageOfPage\":{\"@id\":\"https:\\\/\\\/www.theranks.at\\\/en\\\/linohm-dissemination-event\\\/#primaryimage\"},\"image\":{\"@id\":\"https:\\\/\\\/www.theranks.at\\\/en\\\/linohm-dissemination-event\\\/#primaryimage\"},\"thumbnailUrl\":\"https:\\\/\\\/www.theranks.at\\\/wp-content\\\/uploads\\\/2022\\\/12\\\/TheRanks-fb-profilbild.png\",\"datePublished\":\"2024-11-03T15:53:25+00:00\",\"dateModified\":\"2025-01-18T12:06:43+00:00\",\"description\":\"Final events for the Erasmus+ project LINOHM - Learn inclusion - new opportunities for hotel management.\",\"breadcrumb\":{\"@id\":\"https:\\\/\\\/www.theranks.at\\\/en\\\/linohm-dissemination-event\\\/#breadcrumb\"},\"inLanguage\":\"en-US\",\"potentialAction\":[{\"@type\":\"ReadAction\",\"target\":[\"https:\\\/\\\/www.theranks.at\\\/en\\\/linohm-dissemination-event\\\/\"]}]},{\"@type\":\"ImageObject\",\"inLanguage\":\"en-US\",\"@id\":\"https:\\\/\\\/www.theranks.at\\\/en\\\/linohm-dissemination-event\\\/#primaryimage\",\"url\":\"https:\\\/\\\/www.theranks.at\\\/wp-content\\\/uploads\\\/2022\\\/12\\\/TheRanks-fb-profilbild.png\",\"contentUrl\":\"https:\\\/\\\/www.theranks.at\\\/wp-content\\\/uploads\\\/2022\\\/12\\\/TheRanks-fb-profilbild.png\",\"width\":360,\"height\":360,\"caption\":\"The Ranks - Apartments - Ausbildung - Erasmus+\"},{\"@type\":\"BreadcrumbList\",\"@id\":\"https:\\\/\\\/www.theranks.at\\\/en\\\/linohm-dissemination-event\\\/#breadcrumb\",\"itemListElement\":[{\"@type\":\"ListItem\",\"position\":1,\"name\":\"Home\",\"item\":\"https:\\\/\\\/www.theranks.at\\\/en\\\/startpage\\\/\"},{\"@type\":\"ListItem\",\"position\":2,\"name\":\"LINOHM dissemination event\"}]},{\"@type\":\"WebSite\",\"@id\":\"https:\\\/\\\/www.theranks.at\\\/en\\\/#website\",\"url\":\"https:\\\/\\\/www.theranks.at\\\/en\\\/\",\"name\":\"Apartments Wien und Zypern &amp; Consulting\",\"description\":\"The Ranks Apartments | Appartements Ferchergasse\",\"potentialAction\":[{\"@type\":\"SearchAction\",\"target\":{\"@type\":\"EntryPoint\",\"urlTemplate\":\"https:\\\/\\\/www.theranks.at\\\/en\\\/?s={search_term_string}\"},\"query-input\":{\"@type\":\"PropertyValueSpecification\",\"valueRequired\":true,\"valueName\":\"search_term_string\"}}],\"inLanguage\":\"en-US\"}]}<\/script>\n<!-- \/ Yoast SEO plugin. -->","yoast_head_json":{"title":"Erasmus+ Project - LINOHM dissemination event - The Ranks GmbH","description":"Final events for the Erasmus+ project LINOHM - Learn inclusion - new opportunities for hotel management.","robots":{"index":"index","follow":"follow","max-snippet":"max-snippet:-1","max-image-preview":"max-image-preview:large","max-video-preview":"max-video-preview:-1"},"canonical":"https:\/\/www.theranks.at\/en\/linohm-dissemination-event\/","og_locale":"en_US","og_type":"article","og_title":"Erasmus+ Project - LINOHM dissemination event - The Ranks GmbH","og_description":"Final events for the Erasmus+ project LINOHM - Learn inclusion - new opportunities for hotel management.","og_url":"https:\/\/www.theranks.at\/en\/linohm-dissemination-event\/","og_site_name":"Apartments Wien und Zypern &amp; Consulting","article_modified_time":"2025-01-18T12:06:43+00:00","og_image":[{"width":360,"height":360,"url":"https:\/\/www.theranks.at\/wp-content\/uploads\/2022\/12\/TheRanks-fb-profilbild.png","type":"image\/png"}],"twitter_card":"summary_large_image","twitter_misc":{"Est. reading time":"3 minutes"},"schema":{"@context":"https:\/\/schema.org","@graph":[{"@type":"WebPage","@id":"https:\/\/www.theranks.at\/en\/linohm-dissemination-event\/","url":"https:\/\/www.theranks.at\/en\/linohm-dissemination-event\/","name":"Erasmus+ Project - LINOHM dissemination event - The Ranks GmbH","isPartOf":{"@id":"https:\/\/www.theranks.at\/en\/#website"},"primaryImageOfPage":{"@id":"https:\/\/www.theranks.at\/en\/linohm-dissemination-event\/#primaryimage"},"image":{"@id":"https:\/\/www.theranks.at\/en\/linohm-dissemination-event\/#primaryimage"},"thumbnailUrl":"https:\/\/www.theranks.at\/wp-content\/uploads\/2022\/12\/TheRanks-fb-profilbild.png","datePublished":"2024-11-03T15:53:25+00:00","dateModified":"2025-01-18T12:06:43+00:00","description":"Final events for the Erasmus+ project LINOHM - Learn inclusion - new opportunities for hotel management.","breadcrumb":{"@id":"https:\/\/www.theranks.at\/en\/linohm-dissemination-event\/#breadcrumb"},"inLanguage":"en-US","potentialAction":[{"@type":"ReadAction","target":["https:\/\/www.theranks.at\/en\/linohm-dissemination-event\/"]}]},{"@type":"ImageObject","inLanguage":"en-US","@id":"https:\/\/www.theranks.at\/en\/linohm-dissemination-event\/#primaryimage","url":"https:\/\/www.theranks.at\/wp-content\/uploads\/2022\/12\/TheRanks-fb-profilbild.png","contentUrl":"https:\/\/www.theranks.at\/wp-content\/uploads\/2022\/12\/TheRanks-fb-profilbild.png","width":360,"height":360,"caption":"The Ranks - Apartments - Ausbildung - Erasmus+"},{"@type":"BreadcrumbList","@id":"https:\/\/www.theranks.at\/en\/linohm-dissemination-event\/#breadcrumb","itemListElement":[{"@type":"ListItem","position":1,"name":"Home","item":"https:\/\/www.theranks.at\/en\/startpage\/"},{"@type":"ListItem","position":2,"name":"LINOHM dissemination event"}]},{"@type":"WebSite","@id":"https:\/\/www.theranks.at\/en\/#website","url":"https:\/\/www.theranks.at\/en\/","name":"Apartments Wien und Zypern &amp; Consulting","description":"The Ranks Apartments | Appartements Ferchergasse","potentialAction":[{"@type":"SearchAction","target":{"@type":"EntryPoint","urlTemplate":"https:\/\/www.theranks.at\/en\/?s={search_term_string}"},"query-input":{"@type":"PropertyValueSpecification","valueRequired":true,"valueName":"search_term_string"}}],"inLanguage":"en-US"}]}},"_links":{"self":[{"href":"https:\/\/www.theranks.at\/en\/wp-json\/wp\/v2\/pages\/564","targetHints":{"allow":["GET"]}}],"collection":[{"href":"https:\/\/www.theranks.at\/en\/wp-json\/wp\/v2\/pages"}],"about":[{"href":"https:\/\/www.theranks.at\/en\/wp-json\/wp\/v2\/types\/page"}],"author":[{"embeddable":true,"href":"https:\/\/www.theranks.at\/en\/wp-json\/wp\/v2\/users\/3"}],"replies":[{"embeddable":true,"href":"https:\/\/www.theranks.at\/en\/wp-json\/wp\/v2\/comments?post=564"}],"version-history":[{"count":7,"href":"https:\/\/www.theranks.at\/en\/wp-json\/wp\/v2\/pages\/564\/revisions"}],"predecessor-version":[{"id":609,"href":"https:\/\/www.theranks.at\/en\/wp-json\/wp\/v2\/pages\/564\/revisions\/609"}],"wp:featuredmedia":[{"embeddable":true,"href":"https:\/\/www.theranks.at\/en\/wp-json\/wp\/v2\/media\/273"}],"wp:attachment":[{"href":"https:\/\/www.theranks.at\/en\/wp-json\/wp\/v2\/media?parent=564"}],"curies":[{"name":"wp","href":"https:\/\/api.w.org\/{rel}","templated":true}]}}